{"id":27868,"date":"2025-08-25T08:13:41","date_gmt":"2025-08-25T08:13:41","guid":{"rendered":"https:\/\/padel.disseny.app\/?page_id=27868"},"modified":"2025-08-29T10:27:04","modified_gmt":"2025-08-29T10:27:04","slug":"academie-de-padel-pour-enfants","status":"publish","type":"page","link":"https:\/\/padel.disseny.app\/fr\/academie-de-padel-pour-enfants\/","title":{"rendered":"Enfants"},"content":{"rendered":"\t\t<div data-elementor-type=\"wp-page\" data-elementor-id=\"27868\" class=\"elementor elementor-27868 elementor-26264\" data-elementor-post-type=\"page\">\n\t\t\t\t<div class=\"elementor-element elementor-element-02d5be8 e-flex e-con-boxed e-con e-parent\" data-id=\"02d5be8\" data-element_type=\"container\" data-settings=\"{&quot;background_background&quot;:&quot;classic&quot;,&quot;shape_divider_bottom&quot;:&quot;tilt&quot;}\">\n\t\t\t\t\t<div class=\"e-con-inner\">\n\t\t\t\t<div class=\"elementor-shape elementor-shape-bottom\" aria-hidden=\"true\" data-negative=\"false\">\n\t\t\t<svg xmlns=\"http:\/\/www.w3.org\/2000\/svg\" viewBox=\"0 0 1000 100\" preserveAspectRatio=\"none\">\n\t<path class=\"elementor-shape-fill\" d=\"M0,6V0h1000v100L0,6z\"\/>\n<\/svg>\t\t<\/div>\n\t\t<div class=\"elementor-element elementor-element-df83cf8 e-con-full e-flex e-con e-child\" data-id=\"df83cf8\" data-element_type=\"container\">\n\t\t\t\t<div class=\"elementor-element elementor-element-b301eed elementor-widget elementor-widget-heading\" data-id=\"b301eed\" data-element_type=\"widget\" data-widget_type=\"heading.default\">\n\t\t\t\t\t<h1 class=\"elementor-heading-title elementor-size-default\">\u00c9cole de padel pour enfants<\/h1>\t\t\t\t<\/div>\n\t\t\t\t<\/div>\n\t\t\t\t\t<\/div>\n\t\t\t\t<\/div>\n\t\t<div class=\"elementor-element elementor-element-2dcb304 e-flex e-con-boxed e-con e-parent\" data-id=\"2dcb304\" data-element_type=\"container\">\n\t\t\t\t\t<div class=\"e-con-inner\">\n\t\t<div class=\"elementor-element elementor-element-5104458 e-con-full e-flex e-con e-child\" data-id=\"5104458\" data-element_type=\"container\">\n\t\t<div class=\"elementor-element elementor-element-08c856e e-con-full e-flex e-con e-child\" data-id=\"08c856e\" data-element_type=\"container\">\n\t\t\t\t<div class=\"elementor-element elementor-element-5430c01 elementor-widget elementor-widget-heading\" data-id=\"5430c01\" data-element_type=\"widget\" data-widget_type=\"heading.default\">\n\t\t\t\t\t<h2 class=\"elementor-heading-title elementor-size-default\">Un sport pour grandir en bonne sant\u00e9, avec des valeurs et en s'amusant<\/h2>\t\t\t\t<\/div>\n\t\t\t\t<div class=\"elementor-element elementor-element-22bf64f elementor-widget elementor-widget-text-editor\" data-id=\"22bf64f\" data-element_type=\"widget\" data-widget_type=\"text-editor.default\">\n\t\t\t\t\t\t\t\t\t<p>En tant que parent, vous voulez ce qu&rsquo;il y a de mieux pour vos enfants : qu&rsquo;ils s&rsquo;amusent, se fassent des amis, acqui\u00e8rent des habitudes saines et apprennent des valeurs qui les accompagneront toute leur vie.<\/p><p>\u00c0 la <strong>Xavi Figols P\u00e1del Academy<\/strong>, nous rendons cela possible gr\u00e2ce \u00e0 un sport qu&rsquo;ils adorent : <strong>le padel<\/strong>.<\/p>\t\t\t\t\t\t\t\t<\/div>\n\t\t\t\t<div class=\"elementor-element elementor-element-10c93ac elementor-widget elementor-widget-heading\" data-id=\"10c93ac\" data-element_type=\"widget\" data-widget_type=\"heading.default\">\n\t\t\t\t\t<h2 class=\"elementor-heading-title elementor-size-default\">Avantages pour vos enfants<\/h2>\t\t\t\t<\/div>\n\t\t\t\t<div class=\"elementor-element elementor-element-5002714 elementor-icon-list--layout-traditional elementor-list-item-link-full_width elementor-widget elementor-widget-icon-list\" data-id=\"5002714\" data-element_type=\"widget\" data-widget_type=\"icon-list.default\">\n\t\t\t\t\t\t\t<ul class=\"elementor-icon-list-items\">\n\t\t\t\t\t\t\t<li class=\"elementor-icon-list-item\">\n\t\t\t\t\t\t\t\t\t\t\t<span class=\"elementor-icon-list-icon\">\n\t\t\t\t\t\t\t<svg aria-hidden=\"true\" class=\"e-font-icon-svg e-fas-caret-right\" viewBox=\"0 0 192 512\" xmlns=\"http:\/\/www.w3.org\/2000\/svg\"><path d=\"M0 384.662V127.338c0-17.818 21.543-26.741 34.142-14.142l128.662 128.662c7.81 7.81 7.81 20.474 0 28.284L34.142 398.804C21.543 411.404 0 402.48 0 384.662z\"><\/path><\/svg>\t\t\t\t\t\t<\/span>\n\t\t\t\t\t\t\t\t\t\t<span class=\"elementor-icon-list-text\">Ils am\u00e9liorent leur coordination, leur agilit\u00e9 et leur psychomotricit\u00e9.<\/span>\n\t\t\t\t\t\t\t\t\t<\/li>\n\t\t\t\t\t\t\t\t<li class=\"elementor-icon-list-item\">\n\t\t\t\t\t\t\t\t\t\t\t<span class=\"elementor-icon-list-icon\">\n\t\t\t\t\t\t\t<svg aria-hidden=\"true\" class=\"e-font-icon-svg e-fas-caret-right\" viewBox=\"0 0 192 512\" xmlns=\"http:\/\/www.w3.org\/2000\/svg\"><path d=\"M0 384.662V127.338c0-17.818 21.543-26.741 34.142-14.142l128.662 128.662c7.81 7.81 7.81 20.474 0 28.284L34.142 398.804C21.543 411.404 0 402.48 0 384.662z\"><\/path><\/svg>\t\t\t\t\t\t<\/span>\n\t\t\t\t\t\t\t\t\t\t<span class=\"elementor-icon-list-text\">Ils d\u00e9veloppent leur estime de soi et leur confiance en eux.<\/span>\n\t\t\t\t\t\t\t\t\t<\/li>\n\t\t\t\t\t\t\t\t<li class=\"elementor-icon-list-item\">\n\t\t\t\t\t\t\t\t\t\t\t<span class=\"elementor-icon-list-icon\">\n\t\t\t\t\t\t\t<svg aria-hidden=\"true\" class=\"e-font-icon-svg e-fas-caret-right\" viewBox=\"0 0 192 512\" xmlns=\"http:\/\/www.w3.org\/2000\/svg\"><path d=\"M0 384.662V127.338c0-17.818 21.543-26.741 34.142-14.142l128.662 128.662c7.81 7.81 7.81 20.474 0 28.284L34.142 398.804C21.543 411.404 0 402.48 0 384.662z\"><\/path><\/svg>\t\t\t\t\t\t<\/span>\n\t\t\t\t\t\t\t\t\t\t<span class=\"elementor-icon-list-text\">Ils apprennent \u00e0 travailler en \u00e9quipe et \u00e0 respecter les r\u00e8gles.<\/span>\n\t\t\t\t\t\t\t\t\t<\/li>\n\t\t\t\t\t\t\t\t<li class=\"elementor-icon-list-item\">\n\t\t\t\t\t\t\t\t\t\t\t<span class=\"elementor-icon-list-icon\">\n\t\t\t\t\t\t\t<svg aria-hidden=\"true\" class=\"e-font-icon-svg e-fas-caret-right\" viewBox=\"0 0 192 512\" xmlns=\"http:\/\/www.w3.org\/2000\/svg\"><path d=\"M0 384.662V127.338c0-17.818 21.543-26.741 34.142-14.142l128.662 128.662c7.81 7.81 7.81 20.474 0 28.284L34.142 398.804C21.543 411.404 0 402.48 0 384.662z\"><\/path><\/svg>\t\t\t\t\t\t<\/span>\n\t\t\t\t\t\t\t\t\t\t<span class=\"elementor-icon-list-text\">Ils profitent d'un environnement sain, amusant et s\u00fbr.<\/span>\n\t\t\t\t\t\t\t\t\t<\/li>\n\t\t\t\t\t\t<\/ul>\n\t\t\t\t\t\t<\/div>\n\t\t\t\t<\/div>\n\t\t<div class=\"elementor-element elementor-element-7c6b1e2 e-con-full e-flex e-con e-child\" data-id=\"7c6b1e2\" data-element_type=\"container\">\n\t\t\t\t<div class=\"elementor-element elementor-element-1f7b963 elementor-widget elementor-widget-image\" data-id=\"1f7b963\" data-element_type=\"widget\" data-widget_type=\"image.default\">\n\t\t\t\t\t\t\t\t\t\t\t\t\t\t\t<img fetchpriority=\"high\" decoding=\"async\" width=\"800\" height=\"800\" src=\"https:\/\/padel.disseny.app\/wp-content\/uploads\/2025\/08\/XaviFigols-25.jpg\" class=\"attachment-large size-large wp-image-27687\" alt=\"Xavi Figols\" srcset=\"https:\/\/padel.disseny.app\/wp-content\/uploads\/2025\/08\/XaviFigols-25.jpg 960w, https:\/\/padel.disseny.app\/wp-content\/uploads\/2025\/08\/XaviFigols-25-300x300.jpg 300w, https:\/\/padel.disseny.app\/wp-content\/uploads\/2025\/08\/XaviFigols-25-150x150.jpg 150w, https:\/\/padel.disseny.app\/wp-content\/uploads\/2025\/08\/XaviFigols-25-768x768.jpg 768w\" sizes=\"(max-width: 800px) 100vw, 800px\" \/>\t\t\t\t\t\t\t\t\t\t\t\t\t\t\t<\/div>\n\t\t\t\t<\/div>\n\t\t\t\t<\/div>\n\t\t\t\t\t<\/div>\n\t\t\t\t<\/div>\n\t\t<div class=\"elementor-element elementor-element-09bca95 e-flex e-con-boxed e-con e-parent\" data-id=\"09bca95\" data-element_type=\"container\" data-settings=\"{&quot;background_background&quot;:&quot;classic&quot;}\">\n\t\t\t\t\t<div class=\"e-con-inner\">\n\t\t\t\t\t<\/div>\n\t\t\t\t<\/div>\n\t\t<div class=\"elementor-element elementor-element-4bbb3a2 e-flex e-con-boxed e-con e-parent\" data-id=\"4bbb3a2\" data-element_type=\"container\" data-settings=\"{&quot;background_background&quot;:&quot;classic&quot;}\">\n\t\t\t\t\t<div class=\"e-con-inner\">\n\t\t<div class=\"elementor-element elementor-element-d7b1b97 e-con-full e-grid e-con e-child\" data-id=\"d7b1b97\" data-element_type=\"container\">\n\t\t<div class=\"elementor-element elementor-element-191e550 e-con-full e-flex e-con e-child\" data-id=\"191e550\" data-element_type=\"container\">\n\t\t\t\t<div class=\"elementor-element elementor-element-015c399 elementor-widget elementor-widget-heading\" data-id=\"015c399\" data-element_type=\"widget\" data-widget_type=\"heading.default\">\n\t\t\t\t\t<h2 class=\"elementor-heading-title elementor-size-default\">Pourquoi faire confiance \u00e0 notre acad\u00e9mie pour enfants ?<\/h2>\t\t\t\t<\/div>\n\t\t\t\t<\/div>\n\t\t<div class=\"elementor-element elementor-element-27dbe07 e-con-full e-flex e-con e-child\" data-id=\"27dbe07\" data-element_type=\"container\">\n\t\t\t\t<div class=\"elementor-element elementor-element-1258ee6 elementor-position-left elementor-vertical-align-top elementor-widget elementor-widget-image-box\" data-id=\"1258ee6\" data-element_type=\"widget\" data-widget_type=\"image-box.default\">\n\t\t\t\t\t<div class=\"elementor-image-box-wrapper\"><figure class=\"elementor-image-box-img\"><img decoding=\"async\" width=\"250\" height=\"250\" src=\"https:\/\/padel.disseny.app\/wp-content\/uploads\/2025\/08\/xv7.jpg\" class=\"attachment-full size-full wp-image-27615\" alt=\"xv7\" srcset=\"https:\/\/padel.disseny.app\/wp-content\/uploads\/2025\/08\/xv7.jpg 250w, https:\/\/padel.disseny.app\/wp-content\/uploads\/2025\/08\/xv7-150x150.jpg 150w\" sizes=\"(max-width: 250px) 100vw, 250px\" \/><\/figure><div class=\"elementor-image-box-content\"><h3 class=\"elementor-image-box-title\">Apprentissage ludique<\/h3><p class=\"elementor-image-box-description\">Des cours remplis de jeux et d'activit\u00e9s dynamiques qui permettent aux enfants d'apprendre sans s'en rendre compte.<\/p><\/div><\/div>\t\t\t\t<\/div>\n\t\t\t\t<\/div>\n\t\t<div class=\"elementor-element elementor-element-cc82d9f e-con-full e-flex e-con e-child\" data-id=\"cc82d9f\" data-element_type=\"container\">\n\t\t\t\t<div class=\"elementor-element elementor-element-64779b7 elementor-position-left elementor-vertical-align-top elementor-widget elementor-widget-image-box\" data-id=\"64779b7\" data-element_type=\"widget\" data-widget_type=\"image-box.default\">\n\t\t\t\t\t<div class=\"elementor-image-box-wrapper\"><figure class=\"elementor-image-box-img\"><img decoding=\"async\" width=\"250\" height=\"250\" src=\"https:\/\/padel.disseny.app\/wp-content\/uploads\/2025\/08\/xv6.jpg\" class=\"attachment-full size-full wp-image-27612\" alt=\"xv6\" srcset=\"https:\/\/padel.disseny.app\/wp-content\/uploads\/2025\/08\/xv6.jpg 250w, https:\/\/padel.disseny.app\/wp-content\/uploads\/2025\/08\/xv6-150x150.jpg 150w\" sizes=\"(max-width: 250px) 100vw, 250px\" \/><\/figure><div class=\"elementor-image-box-content\"><h3 class=\"elementor-image-box-title\">Les valeurs qui comptent<\/h3><p class=\"elementor-image-box-description\">Nous leur enseignons le padel, mais surtout nous leur transmettons <b>l'esprit d'\u00e9quipe, le respect, l'effort et la discipline<\/b>.<\/p><\/div><\/div>\t\t\t\t<\/div>\n\t\t\t\t<\/div>\n\t\t<div class=\"elementor-element elementor-element-bcaad22 e-con-full e-flex e-con e-child\" data-id=\"bcaad22\" data-element_type=\"container\">\n\t\t\t\t<div class=\"elementor-element elementor-element-41b3bf3 elementor-position-left elementor-vertical-align-top elementor-widget elementor-widget-image-box\" data-id=\"41b3bf3\" data-element_type=\"widget\" data-widget_type=\"image-box.default\">\n\t\t\t\t\t<div class=\"elementor-image-box-wrapper\"><figure class=\"elementor-image-box-img\"><img loading=\"lazy\" decoding=\"async\" width=\"250\" height=\"250\" src=\"https:\/\/padel.disseny.app\/wp-content\/uploads\/2025\/08\/xv11.jpg\" class=\"attachment-full size-full wp-image-27627\" alt=\"xv11\" srcset=\"https:\/\/padel.disseny.app\/wp-content\/uploads\/2025\/08\/xv11.jpg 250w, https:\/\/padel.disseny.app\/wp-content\/uploads\/2025\/08\/xv11-150x150.jpg 150w\" sizes=\"(max-width: 250px) 100vw, 250px\" \/><\/figure><div class=\"elementor-image-box-content\"><h3 class=\"elementor-image-box-title\">Professeurs dipl\u00f4m\u00e9s<\/h3><p class=\"elementor-image-box-description\">Entra\u00eeneurs sp\u00e9cialis\u00e9s dans le padel pour enfants, ayant pour vocation d'\u00e9duquer et de guider les plus jeunes.<\/p><\/div><\/div>\t\t\t\t<\/div>\n\t\t\t\t<\/div>\n\t\t<div class=\"elementor-element elementor-element-6cfd1b2 e-con-full e-flex e-con e-child\" data-id=\"6cfd1b2\" data-element_type=\"container\">\n\t\t\t\t<div class=\"elementor-element elementor-element-224a681 elementor-position-left elementor-vertical-align-top elementor-widget elementor-widget-image-box\" data-id=\"224a681\" data-element_type=\"widget\" data-widget_type=\"image-box.default\">\n\t\t\t\t\t<div class=\"elementor-image-box-wrapper\"><figure class=\"elementor-image-box-img\"><img loading=\"lazy\" decoding=\"async\" width=\"250\" height=\"250\" src=\"https:\/\/padel.disseny.app\/wp-content\/uploads\/2025\/08\/xv9.jpg\" class=\"attachment-full size-full wp-image-27621\" alt=\"xv9\" srcset=\"https:\/\/padel.disseny.app\/wp-content\/uploads\/2025\/08\/xv9.jpg 250w, https:\/\/padel.disseny.app\/wp-content\/uploads\/2025\/08\/xv9-150x150.jpg 150w\" sizes=\"(max-width: 250px) 100vw, 250px\" \/><\/figure><div class=\"elementor-image-box-content\"><h3 class=\"elementor-image-box-title\">Environnement s\u00fbr et convivial<\/h3><p class=\"elementor-image-box-description\">\u00c0 la Xavi Figols Padel Academy, nous veillons \u00e0 ce que chaque enfant se sente \u00e0 l'aise, int\u00e9gr\u00e9 et heureux sur le court.<\/p><\/div><\/div>\t\t\t\t<\/div>\n\t\t\t\t<\/div>\n\t\t<div class=\"elementor-element elementor-element-2c10d0c e-con-full e-flex e-con e-child\" data-id=\"2c10d0c\" data-element_type=\"container\">\n\t\t\t\t<div class=\"elementor-element elementor-element-534844b elementor-position-left elementor-vertical-align-top elementor-widget elementor-widget-image-box\" data-id=\"534844b\" data-element_type=\"widget\" data-widget_type=\"image-box.default\">\n\t\t\t\t\t<div class=\"elementor-image-box-wrapper\"><figure class=\"elementor-image-box-img\"><img loading=\"lazy\" decoding=\"async\" width=\"250\" height=\"250\" src=\"https:\/\/padel.disseny.app\/wp-content\/uploads\/2025\/08\/xv4.jpg\" class=\"attachment-full size-full wp-image-27606\" alt=\"xv4\" srcset=\"https:\/\/padel.disseny.app\/wp-content\/uploads\/2025\/08\/xv4.jpg 250w, https:\/\/padel.disseny.app\/wp-content\/uploads\/2025\/08\/xv4-150x150.jpg 150w\" sizes=\"(max-width: 250px) 100vw, 250px\" \/><\/figure><div class=\"elementor-image-box-content\"><h3 class=\"elementor-image-box-title\">Groupes adapt\u00e9s<\/h3><p class=\"elementor-image-box-description\">Nous organisons les cours en fonction de l'\u00e2ge, de la taille et du niveau, afin que chacun progresse \u00e0 son rythme.<\/p><\/div><\/div>\t\t\t\t<\/div>\n\t\t\t\t<\/div>\n\t\t\t\t<\/div>\n\t\t\t\t\t<\/div>\n\t\t\t\t<\/div>\n\t\t<div class=\"elementor-element elementor-element-8906c9b e-flex e-con-boxed e-con e-parent\" data-id=\"8906c9b\" data-element_type=\"container\">\n\t\t\t\t\t<div class=\"e-con-inner\">\n\t\t<div class=\"elementor-element elementor-element-0bd6645 e-con-full e-flex e-con e-child\" data-id=\"0bd6645\" data-element_type=\"container\">\n\t\t<div class=\"elementor-element elementor-element-bc63007 e-con-full e-flex e-con e-child\" data-id=\"bc63007\" data-element_type=\"container\" data-settings=\"{&quot;background_background&quot;:&quot;classic&quot;}\">\n\t\t\t\t<div class=\"elementor-element elementor-element-aa5f483 elementor-hidden-desktop elementor-hidden-tablet_extra elementor-hidden-tablet elementor-hidden-mobile_extra elementor-widget elementor-widget-image\" data-id=\"aa5f483\" data-element_type=\"widget\" data-widget_type=\"image.default\">\n\t\t\t\t\t\t\t\t\t\t\t\t\t\t\t<img loading=\"lazy\" decoding=\"async\" width=\"800\" height=\"512\" src=\"https:\/\/padel.disseny.app\/wp-content\/uploads\/2025\/08\/XaviFigols-1-2.jpg\" class=\"attachment-large size-large wp-image-27654\" alt=\"Xavi Figols\" srcset=\"https:\/\/padel.disseny.app\/wp-content\/uploads\/2025\/08\/XaviFigols-1-2.jpg 1000w, https:\/\/padel.disseny.app\/wp-content\/uploads\/2025\/08\/XaviFigols-1-2-300x192.jpg 300w, https:\/\/padel.disseny.app\/wp-content\/uploads\/2025\/08\/XaviFigols-1-2-768x492.jpg 768w\" sizes=\"(max-width: 800px) 100vw, 800px\" \/>\t\t\t\t\t\t\t\t\t\t\t\t\t\t\t<\/div>\n\t\t\t\t<\/div>\n\t\t<div class=\"elementor-element elementor-element-e3bbade e-con-full e-flex e-con e-child\" data-id=\"e3bbade\" data-element_type=\"container\">\n\t\t\t\t<div class=\"elementor-element elementor-element-ec3eab4 elementor-widget elementor-widget-heading\" data-id=\"ec3eab4\" data-element_type=\"widget\" data-widget_type=\"heading.default\">\n\t\t\t\t\t<h2 class=\"elementor-heading-title elementor-size-default\">D\u00e9tails sur l'\u00e9cole maternelle<\/h2>\t\t\t\t<\/div>\n\t\t\t\t<div class=\"elementor-element elementor-element-a02e104 elementor-widget elementor-widget-text-editor\" data-id=\"a02e104\" data-element_type=\"widget\" data-widget_type=\"text-editor.default\">\n\t\t\t\t\t\t\t\t\t<p><span style=\"font-weight: 400;\">\u27a1\ufe0f S\u00e9ances de <strong>90 minutes<\/strong>.<\/span><\/p><p><b><span style=\"font-weight: 400;\">\u27a1\ufe0f <strong>1 ou 2 jours par semaine<\/strong>, selon disponibilit\u00e9<\/span><\/b><span style=\"font-weight: 400;\">.<\/span><\/p><p><span style=\"font-weight: 400;\">\u27a1\ufe0f Cours en petits groupes, \u00e9quilibr\u00e9s et motivants.<\/span><\/p>\t\t\t\t\t\t\t\t<\/div>\n\t\t\t\t<div class=\"elementor-element elementor-element-d495f1c elementor-align-left elementor-widget elementor-widget-button\" data-id=\"d495f1c\" data-element_type=\"widget\" data-widget_type=\"button.default\">\n\t\t\t\t\t\t\t\t\t\t<a class=\"elementor-button elementor-button-link elementor-size-sm\" href=\"https:\/\/padel.disseny.app\/fr\/contact\/\">\n\t\t\t\t\t\t<span class=\"elementor-button-content-wrapper\">\n\t\t\t\t\t\t\t\t\t<span class=\"elementor-button-text\">Plus d'informations<\/span>\n\t\t\t\t\t<\/span>\n\t\t\t\t\t<\/a>\n\t\t\t\t\t\t\t\t<\/div>\n\t\t\t\t<\/div>\n\t\t\t\t<\/div>\n\t\t\t\t\t<\/div>\n\t\t\t\t<\/div>\n\t\t<div class=\"elementor-element elementor-element-1930486 e-con-full e-flex e-con e-parent\" data-id=\"1930486\" data-element_type=\"container\" data-settings=\"{&quot;background_background&quot;:&quot;classic&quot;}\">\n\t\t<div class=\"elementor-element elementor-element-1d6c8fa e-con-full e-flex e-con e-child\" data-id=\"1d6c8fa\" data-element_type=\"container\" data-settings=\"{&quot;background_background&quot;:&quot;classic&quot;}\">\n\t\t<div class=\"elementor-element elementor-element-943dc8d e-con-full e-flex e-con e-child\" data-id=\"943dc8d\" data-element_type=\"container\">\n\t\t\t\t<div class=\"elementor-element elementor-element-f00653e elementor-widget elementor-widget-image\" data-id=\"f00653e\" data-element_type=\"widget\" data-widget_type=\"image.default\">\n\t\t\t\t\t\t\t\t\t\t\t\t\t\t\t<img loading=\"lazy\" decoding=\"async\" width=\"175\" height=\"150\" src=\"https:\/\/padel.disseny.app\/wp-content\/uploads\/2025\/08\/Logo_Xavi_Figols1.png\" class=\"attachment-full size-full wp-image-27552\" alt=\"xavi figols\" \/>\t\t\t\t\t\t\t\t\t\t\t\t\t\t\t<\/div>\n\t\t\t\t<div class=\"elementor-element elementor-element-a503e38 elementor-widget elementor-widget-heading\" data-id=\"a503e38\" data-element_type=\"widget\" data-widget_type=\"heading.default\">\n\t\t\t\t\t<h2 class=\"elementor-heading-title elementor-size-default\">Demandez des informations et r\u00e9servez votre place<\/h2>\t\t\t\t<\/div>\n\t\t\t\t<div class=\"elementor-element elementor-element-521d000 elementor-widget elementor-widget-heading\" data-id=\"521d000\" data-element_type=\"widget\" data-widget_type=\"heading.default\">\n\t\t\t\t\t<h2 class=\"elementor-heading-title elementor-size-default\">Inscrivez vos enfants d\u00e8s aujourd'hui \u00e0 la XAVI FIGOLS PADEL ACADEMY<\/h2>\t\t\t\t<\/div>\n\t\t\t\t<div class=\"elementor-element elementor-element-2679ada elementor-widget elementor-widget-text-editor\" data-id=\"2679ada\" data-element_type=\"widget\" data-widget_type=\"text-editor.default\">\n\t\t\t\t\t\t\t\t\t<p>Offrez-leur une exp\u00e9rience qui allie sport, valeurs et divertissement. Parce que le padel ne forme pas seulement des joueurs, il forme <strong>aussi des personnes<\/strong>.<\/p>\t\t\t\t\t\t\t\t<\/div>\n\t\t\t\t<div class=\"elementor-element elementor-element-3ecda89 elementor-align-center elementor-widget elementor-widget-button\" data-id=\"3ecda89\" data-element_type=\"widget\" data-widget_type=\"button.default\">\n\t\t\t\t\t\t\t\t\t\t<a class=\"elementor-button elementor-button-link elementor-size-sm elementor-animation-float\" href=\"https:\/\/padel.disseny.app\/fr\/contact\/\">\n\t\t\t\t\t\t<span class=\"elementor-button-content-wrapper\">\n\t\t\t\t\t\t\t\t\t<span class=\"elementor-button-text\">Demander des informations<\/span>\n\t\t\t\t\t<\/span>\n\t\t\t\t\t<\/a>\n\t\t\t\t\t\t\t\t<\/div>\n\t\t\t\t<\/div>\n\t\t\t\t<\/div>\n\t\t<div class=\"elementor-element elementor-element-3e132e4 e-con-full e-flex e-con e-child\" data-id=\"3e132e4\" data-element_type=\"container\" data-settings=\"{&quot;background_background&quot;:&quot;classic&quot;}\">\n\t\t\t\t<div class=\"elementor-element elementor-element-b59dd56 elementor-hidden-desktop elementor-hidden-tablet_extra elementor-hidden-tablet elementor-hidden-mobile_extra elementor-widget elementor-widget-image\" data-id=\"b59dd56\" data-element_type=\"widget\" data-widget_type=\"image.default\">\n\t\t\t\t\t\t\t\t\t\t\t\t\t\t\t<img loading=\"lazy\" decoding=\"async\" width=\"960\" height=\"1080\" src=\"https:\/\/padel.disseny.app\/wp-content\/uploads\/2025\/08\/XaviFigols-32.jpg\" class=\"attachment-full size-full wp-image-27690\" alt=\"Xavi Figols\" srcset=\"https:\/\/padel.disseny.app\/wp-content\/uploads\/2025\/08\/XaviFigols-32.jpg 960w, https:\/\/padel.disseny.app\/wp-content\/uploads\/2025\/08\/XaviFigols-32-267x300.jpg 267w, https:\/\/padel.disseny.app\/wp-content\/uploads\/2025\/08\/XaviFigols-32-910x1024.jpg 910w, https:\/\/padel.disseny.app\/wp-content\/uploads\/2025\/08\/XaviFigols-32-768x864.jpg 768w\" sizes=\"(max-width: 960px) 100vw, 960px\" \/>\t\t\t\t\t\t\t\t\t\t\t\t\t\t\t<\/div>\n\t\t\t\t<\/div>\n\t\t\t\t<\/div>\n\t\t\t\t<\/div>\n\t\t","protected":false},"excerpt":{"rendered":"<p>\u00c9cole de padel pour enfants Un sport pour grandir en bonne sant\u00e9, avec des valeurs et en s&rsquo;amusant En tant que parent, vous voulez ce qu&rsquo;il y a de mieux pour vos enfants : qu&rsquo;ils s&rsquo;amusent, se fassent des amis, acqui\u00e8rent des habitudes saines et apprennent des valeurs qui les accompagneront toute leur vie. \u00c0 [&hellip;]<\/p>\n","protected":false},"author":1,"featured_media":0,"parent":0,"menu_order":0,"comment_status":"closed","ping_status":"closed","template":"elementor_header_footer","meta":{"footnotes":""},"class_list":["post-27868","page","type-page","status-publish","hentry"],"_links":{"self":[{"href":"https:\/\/padel.disseny.app\/fr\/wp-json\/wp\/v2\/pages\/27868","targetHints":{"allow":["GET"]}}],"collection":[{"href":"https:\/\/padel.disseny.app\/fr\/wp-json\/wp\/v2\/pages"}],"about":[{"href":"https:\/\/padel.disseny.app\/fr\/wp-json\/wp\/v2\/types\/page"}],"author":[{"embeddable":true,"href":"https:\/\/padel.disseny.app\/fr\/wp-json\/wp\/v2\/users\/1"}],"replies":[{"embeddable":true,"href":"https:\/\/padel.disseny.app\/fr\/wp-json\/wp\/v2\/comments?post=27868"}],"version-history":[{"count":4,"href":"https:\/\/padel.disseny.app\/fr\/wp-json\/wp\/v2\/pages\/27868\/revisions"}],"predecessor-version":[{"id":27873,"href":"https:\/\/padel.disseny.app\/fr\/wp-json\/wp\/v2\/pages\/27868\/revisions\/27873"}],"wp:attachment":[{"href":"https:\/\/padel.disseny.app\/fr\/wp-json\/wp\/v2\/media?parent=27868"}],"curies":[{"name":"wp","href":"https:\/\/api.w.org\/{rel}","templated":true}]}}