{"id":27706,"date":"2025-08-26T07:29:00","date_gmt":"2025-08-26T07:29:00","guid":{"rendered":"https:\/\/padel.disseny.app\/?page_id=27706"},"modified":"2025-08-29T07:06:57","modified_gmt":"2025-08-29T07:06:57","slug":"accessibilite","status":"publish","type":"page","link":"https:\/\/padel.disseny.app\/fr\/accessibilite\/","title":{"rendered":"Accessibilit\u00e9"},"content":{"rendered":"\t\t<div data-elementor-type=\"wp-page\" data-elementor-id=\"27706\" class=\"elementor elementor-27706 elementor-26469\" data-elementor-post-type=\"page\">\n\t\t\t\t<div class=\"elementor-element elementor-element-8d48125 e-flex e-con-boxed e-con e-parent\" data-id=\"8d48125\" data-element_type=\"container\" data-settings=\"{&quot;background_background&quot;:&quot;classic&quot;}\">\n\t\t\t\t\t<div class=\"e-con-inner\">\n\t\t<div class=\"elementor-element elementor-element-82fa90e e-con-full e-flex e-con e-child\" data-id=\"82fa90e\" data-element_type=\"container\">\n\t\t\t\t<div class=\"elementor-element elementor-element-2f3ae36 elementor-widget elementor-widget-heading\" data-id=\"2f3ae36\" data-element_type=\"widget\" data-widget_type=\"heading.default\">\n\t\t\t\t\t<h1 class=\"elementor-heading-title elementor-size-default\">Accessibilit\u00e9\n<\/h1>\t\t\t\t<\/div>\n\t\t\t\t<\/div>\n\t\t\t\t\t<\/div>\n\t\t\t\t<\/div>\n\t\t<div class=\"elementor-element elementor-element-038dfcd e-flex e-con-boxed e-con e-parent\" data-id=\"038dfcd\" data-element_type=\"container\">\n\t\t\t\t\t<div class=\"e-con-inner\">\n\t\t<div class=\"elementor-element elementor-element-4ea84d9 e-con-full e-flex e-con e-child\" data-id=\"4ea84d9\" data-element_type=\"container\">\n\t\t\t\t<div class=\"elementor-element elementor-element-d6bfd61 elementor-widget elementor-widget-text-editor\" data-id=\"d6bfd61\" data-element_type=\"widget\" data-widget_type=\"text-editor.default\">\n\t\t\t\t\t\t\t\t\t<p>Cette d\u00e9claration d\u2019accessibilit\u00e9 s\u2019applique au site web <a href=\"https:\/\/padel.disseny.app\/\">https:\/\/padel.disseny.app\/<\/a><\/p>\n\t\t\t\t\t\t\t\t<\/div>\n\t\t\t\t<div class=\"elementor-element elementor-element-122aed6 elementor-widget elementor-widget-heading\" data-id=\"122aed6\" data-element_type=\"widget\" data-widget_type=\"heading.default\">\n\t\t\t\t\t<h2 class=\"elementor-heading-title elementor-size-default\">\u00c9tat de conformit\u00e9<\/h2>\t\t\t\t<\/div>\n\t\t\t\t<div class=\"elementor-element elementor-element-884d3a4 elementor-widget elementor-widget-text-editor\" data-id=\"884d3a4\" data-element_type=\"widget\" data-widget_type=\"text-editor.default\">\n\t\t\t\t\t\t\t\t\t<p>Ce site web est <strong>partiellement conforme<\/strong> au <a href=\"http:\/\/www.boe.es\/diario_boe\/txt.php?id=BOE-A-2018-12699\" rel=\"nofollow external noopener noreferrer\" data-wpel-link=\"external\"><strong>d\u00e9cret royal (RD) 1112\/2018<\/strong><\/a> en raison des exceptions et des non-conformit\u00e9s \u00e9num\u00e9r\u00e9es ci-dessous.<\/p>\t\t\t\t\t\t\t\t<\/div>\n\t\t\t\t<div class=\"elementor-element elementor-element-cc2b51d elementor-widget elementor-widget-heading\" data-id=\"cc2b51d\" data-element_type=\"widget\" data-widget_type=\"heading.default\">\n\t\t\t\t\t<h2 class=\"elementor-heading-title elementor-size-default\">Contenu inaccessible<\/h2>\t\t\t\t<\/div>\n\t\t\t\t<div class=\"elementor-element elementor-element-f93b0af elementor-widget elementor-widget-text-editor\" data-id=\"f93b0af\" data-element_type=\"widget\" data-widget_type=\"text-editor.default\">\n\t\t\t\t\t\t\t\t\t<p>Le contenu suivant n\u2019est pas accessible en raison de :<\/p><h3><strong>Non-conformit\u00e9 au RD 1112\/2018<\/strong><\/h3><ul><li>Il peut exister des probl\u00e8mes de contraste n\u2019atteignant pas le rapport minimum de 3:1 par rapport aux couleurs de fond adjacentes. [9.1.4.11 Contraste non textuel]<\/li><li>Certaines \u00e9tiquettes ou instructions peuvent ne pas \u00eatre correctement balis\u00e9es. [9.3.3.2 \u00c9tiquettes ou instructions]<\/li><li>Des messages d\u2019\u00e9tat peuvent ne pas respecter les normes minimales requises. [9.4.1.3 Messages d\u2019\u00e9tat]<\/li><li>Les suggestions d\u2019erreur peuvent ne pas \u00eatre conformes aux crit\u00e8res requis. [9.3.3.3 Suggestions d\u2019erreur (conditionnelles)]<\/li><li>Des anomalies dans la navigation s\u00e9quentielle \u00e0 travers la page web peuvent alt\u00e9rer sa signification ou son fonctionnement. [9.2.4.3 Ordre du focus]<\/li><li>Il n\u2019est pas possible d\u2019emp\u00eacher les personnes utilisant des commandes vocales d\u2019activer accidentellement des \u00e9l\u00e9ments interactifs. [Requis 9.2.1.4 \u2013 Raccourcis clavier avec touches de caract\u00e8res]<\/li><\/ul><h3><strong>Probl\u00e8mes \u00e9ditoriaux isol\u00e9s possibles sur certaines pages<\/strong><\/h3><ul><li>Chargement disproportionn\u00e9<\/li><\/ul><p>Non applicable<\/p>\t\t\t\t\t\t\t\t<\/div>\n\t\t\t\t<div class=\"elementor-element elementor-element-e382852 elementor-widget elementor-widget-heading\" data-id=\"e382852\" data-element_type=\"widget\" data-widget_type=\"heading.default\">\n\t\t\t\t\t<h2 class=\"elementor-heading-title elementor-size-default\">Pr\u00e9paration de cette d\u00e9claration d\u2019accessibilit\u00e9<\/h2>\t\t\t\t<\/div>\n\t\t\t\t<div class=\"elementor-element elementor-element-245df40 elementor-widget elementor-widget-text-editor\" data-id=\"245df40\" data-element_type=\"widget\" data-widget_type=\"text-editor.default\">\n\t\t\t\t\t\t\t\t\t<p>Cette d\u00e9claration a \u00e9t\u00e9 pr\u00e9par\u00e9e le <strong>31 ao\u00fbt 2023<\/strong>.<\/p>\n  <p>La m\u00e9thode employ\u00e9e pour \u00e9laborer cette d\u00e9claration a \u00e9t\u00e9 une <strong>auto-\u00e9valuation r\u00e9alis\u00e9e en interne par l\u2019entreprise<\/strong>.<\/p>\t\t\t\t\t\t\t\t<\/div>\n\t\t\t\t<div class=\"elementor-element elementor-element-8f35dc3 elementor-widget elementor-widget-heading\" data-id=\"8f35dc3\" data-element_type=\"widget\" data-widget_type=\"heading.default\">\n\t\t\t\t\t<h2 class=\"elementor-heading-title elementor-size-default\">Observations et informations de contact<\/h2>\t\t\t\t<\/div>\n\t\t\t\t<div class=\"elementor-element elementor-element-fbd1a96 elementor-widget elementor-widget-text-editor\" data-id=\"fbd1a96\" data-element_type=\"widget\" data-widget_type=\"text-editor.default\">\n\t\t\t\t\t\t\t\t\t<p>Vous pouvez communiquer des exigences en mati\u00e8re d\u2019accessibilit\u00e9 (article 10.2.a du RD 1112\/2018), notamment :<\/p>\n  <ul>\n    <li>Signaler toute possible non-conformit\u00e9 de ce site web<\/li>\n    <li>Indiquer d\u2019autres difficult\u00e9s d\u2019acc\u00e8s au contenu<\/li>\n    <li>Soumettre toute autre question ou suggestion pour am\u00e9liorer l\u2019accessibilit\u00e9 du site web<\/li>\n  <\/ul>\n\n  <p>Contact \u00e0 : <a href=\"mailto:info@xavifigols.com\">info@xavifigols.com<\/a><\/p>\n\n  <p>Vous pouvez soumettre :<\/p>\n  <ul>\n    <li>Une plainte concernant le respect des exigences du RD 1112\/2018<\/li>\n    <li>Une demande d\u2019<strong>informations accessibles<\/strong> concernant :\n      <ul>\n        <li>Contenus <strong>exclus<\/strong> du champ d\u2019application du RD 1112\/2018 conform\u00e9ment \u00e0 l\u2019article 3, paragraphe 4<\/li>\n        <li>Contenus <strong>exempt\u00e9s<\/strong> des exigences d\u2019accessibilit\u00e9 pour cause de charge disproportionn\u00e9e<\/li>\n      <\/ul>\n    <\/li>\n  <\/ul>\n\n  <p>Dans une demande d\u2019informations accessibles, veuillez pr\u00e9ciser clairement les faits, les raisons et la demande afin de d\u00e9montrer qu\u2019il s\u2019agit d\u2019une requ\u00eate raisonnable et l\u00e9gitime.<\/p>\n  <p>Les plaintes ou r\u00e9clamations concernant les informations accessibles doivent \u00eatre envoy\u00e9es \u00e0 l\u2019adresse e-mail indiqu\u00e9e ci-dessus.<\/p>\t\t\t\t\t\t\t\t<\/div>\n\t\t\t\t<div class=\"elementor-element elementor-element-a356b07 elementor-widget elementor-widget-heading\" data-id=\"a356b07\" data-element_type=\"widget\" data-widget_type=\"heading.default\">\n\t\t\t\t\t<h2 class=\"elementor-heading-title elementor-size-default\">Proc\u00e9dure applicable<\/h2>\t\t\t\t<\/div>\n\t\t\t\t<div class=\"elementor-element elementor-element-9cad129 elementor-widget elementor-widget-text-editor\" data-id=\"9cad129\" data-element_type=\"widget\" data-widget_type=\"text-editor.default\">\n\t\t\t\t\t\t\t\t\t  <p>Si, apr\u00e8s avoir soumis une demande d\u2019informations accessibles ou une plainte, celle-ci est <strong>rejet\u00e9e<\/strong>, si vous <strong>contestez la d\u00e9cision<\/strong>, ou si la <strong>r\u00e9ponse ne satisfait pas aux exigences de l\u2019article 12.5<\/strong>, vous pouvez engager une <strong>r\u00e9clamation<\/strong>. De m\u00eame, si <strong>vingt jours ouvrables s\u2019\u00e9coulent sans r\u00e9ponse<\/strong>, vous pouvez \u00e9galement d\u00e9poser une r\u00e9clamation.<\/p>\n\t\t\t\t\t\t\t\t<\/div>\n\t\t\t\t<\/div>\n\t\t\t\t\t<\/div>\n\t\t\t\t<\/div>\n\t\t\t\t<\/div>\n\t\t","protected":false},"excerpt":{"rendered":"<p>Accessibilit\u00e9 Cette d\u00e9claration d\u2019accessibilit\u00e9 s\u2019applique au site web https:\/\/padel.disseny.app\/ \u00c9tat de conformit\u00e9 Ce site web est partiellement conforme au d\u00e9cret royal (RD) 1112\/2018 en raison des exceptions et des non-conformit\u00e9s \u00e9num\u00e9r\u00e9es ci-dessous. Contenu inaccessible Le contenu suivant n\u2019est pas accessible en raison de : Non-conformit\u00e9 au RD 1112\/2018 Il peut exister des probl\u00e8mes de contraste [&hellip;]<\/p>\n","protected":false},"author":1,"featured_media":0,"parent":0,"menu_order":0,"comment_status":"closed","ping_status":"closed","template":"elementor_header_footer","meta":{"footnotes":""},"class_list":["post-27706","page","type-page","status-publish","hentry"],"_links":{"self":[{"href":"https:\/\/padel.disseny.app\/fr\/wp-json\/wp\/v2\/pages\/27706","targetHints":{"allow":["GET"]}}],"collection":[{"href":"https:\/\/padel.disseny.app\/fr\/wp-json\/wp\/v2\/pages"}],"about":[{"href":"https:\/\/padel.disseny.app\/fr\/wp-json\/wp\/v2\/types\/page"}],"author":[{"embeddable":true,"href":"https:\/\/padel.disseny.app\/fr\/wp-json\/wp\/v2\/users\/1"}],"replies":[{"embeddable":true,"href":"https:\/\/padel.disseny.app\/fr\/wp-json\/wp\/v2\/comments?post=27706"}],"version-history":[{"count":4,"href":"https:\/\/padel.disseny.app\/fr\/wp-json\/wp\/v2\/pages\/27706\/revisions"}],"predecessor-version":[{"id":27710,"href":"https:\/\/padel.disseny.app\/fr\/wp-json\/wp\/v2\/pages\/27706\/revisions\/27710"}],"wp:attachment":[{"href":"https:\/\/padel.disseny.app\/fr\/wp-json\/wp\/v2\/media?parent=27706"}],"curies":[{"name":"wp","href":"https:\/\/api.w.org\/{rel}","templated":true}]}}